{"id":1234,"date":"2022-08-19T18:20:18","date_gmt":"2022-08-19T18:20:18","guid":{"rendered":"https:\/\/cierresvibradosvallejos.cl\/?page_id=1234"},"modified":"2023-04-14T18:10:11","modified_gmt":"2023-04-14T18:10:11","slug":"servicios","status":"publish","type":"page","link":"https:\/\/cierresvibradosvallejos.cl\/index.php\/servicios\/","title":{"rendered":"Servicios"},"content":{"rendered":"\t\t<div data-elementor-type=\"wp-page\" data-elementor-id=\"1234\" class=\"elementor elementor-1234\">\n\t\t\t\t\t\t<div class=\"elementor-inner\">\n\t\t\t\t<div class=\"elementor-section-wrap\">\n\t\t\t\t\t\t\t\t\t<section class=\"elementor-section elementor-top-section elementor-element elementor-element-66bacd23 elementor-section-boxed elementor-section-height-default elementor-section-height-default\" data-id=\"66bacd23\" data-element_type=\"section\">\n\t\t\t\t\t\t<div class=\"elementor-container elementor-column-gap-default\">\n\t\t\t\t\t\t\t<div class=\"elementor-row\">\n\t\t\t\t\t<div class=\"elementor-column elementor-col-50 elementor-top-column elementor-element elementor-element-321b99d9\" data-id=\"321b99d9\" data-element_type=\"column\">\n\t\t\t<div class=\"elementor-column-wrap elementor-element-populated\">\n\t\t\t\t\t\t\t<div class=\"elementor-widget-wrap\">\n\t\t\t\t\t\t<div class=\"elementor-element elementor-element-1287917f elementor-widget elementor-widget-text-editor\" data-id=\"1287917f\" data-element_type=\"widget\" data-widget_type=\"text-editor.default\">\n\t\t\t\t<div class=\"elementor-widget-container\">\n\t\t\t\t\t\t\t\t<div class=\"elementor-text-editor elementor-clearfix\">\n\t\t\t\t<p><!-- wp:heading --><\/p>\n<h2 class=\"wp-block-heading\"><strong>Instalaci\u00f3n de Cierros<\/strong><\/h2>\n<p><!-- \/wp:heading -->\n\n<!-- wp:paragraph --><\/p>\n<p>Realizamos instalaci\u00f3n de cierros, ya sea para particulares o constructoras.<br \/>Entre nuestros servicios de instalaci\u00f3n de cierros, podr\u00e1 encontrar los siguientes tipos:<\/p>\n<p><!-- \/wp:paragraph -->\n\n<!-- wp:list --><\/p>\n<ul>\n<li style=\"list-style-type: none;\">\n<ul><!-- wp:list-item --><\/ul>\n<\/li>\n<\/ul>\n<ul>\n<li style=\"list-style-type: none;\">\n<ul>\n<li><strong>Cierros Bulldog<\/strong><\/li>\n<\/ul>\n<\/li>\n<\/ul>\n<p><!-- \/wp:list-item -->\n\n<!-- wp:list-item --><\/p>\n<ul>\n<li style=\"list-style-type: none;\">\n<ul>\n<li><strong>Cierros Vibrados<\/strong><\/li>\n<\/ul>\n<\/li>\n<\/ul>\n<p><!-- \/wp:list-item -->\n\n<!-- wp:list-item --><\/p>\n<ul>\n<li style=\"list-style-type: none;\">\n<ul>\n<li><strong>Cierros de Hormig\u00f3n<\/strong><\/li>\n<\/ul>\n<\/li>\n<\/ul>\n<p><!-- \/wp:list-item -->\n\n<!-- wp:list-item --><\/p>\n<ul>\n<li style=\"list-style-type: none;\">\n<ul>\n<li><strong>Cierros de Placas<\/strong><\/li>\n<\/ul>\n<\/li>\n<\/ul>\n<p><!-- \/wp:list-item --><\/p>\n<p><!-- \/wp:list -->\n\n<!-- wp:heading --><\/p>\n<h2 class=\"wp-block-heading\"><strong>Venta de Cierros<\/strong><\/h2>\n<p><!-- \/wp:heading -->\n\n<!-- wp:paragraph --><\/p>\n<p>Adem\u00e1s de instalar, somos fabricantes. Nuestros productos son fabricados con altos est\u00e1ndares de calidad, de modo que ofrecer seguridad para el cierre de su propiedad.<\/p>\n<p><!-- \/wp:paragraph -->\n\n<!-- wp:heading --><\/p>\n<h2 class=\"wp-block-heading\"><strong>Reparaci\u00f3n Parcial o Total de Cierros<\/strong><\/h2>\n<p><!-- \/wp:heading -->\n\n<!-- wp:paragraph --><\/p>\n<p>Ofrecemos este servicio de reparaci\u00f3n para los cierros que han llegado a su punto de deterioro, procediendo a realizar un trabajo seg\u00fan los amerite las condiciones:<\/p>\n<p><strong>Reparaci\u00f3n Individualizada\u00a0 de productos:<\/strong> Consiste en una reparaci\u00f3n de solo productos en mal estado dentro de un cierre perimetral de hormig\u00f3n vidro comprimido, ya refiri\u00e9ndose al desarme e instalaci\u00f3n de placas, postes y\/o bardas de coronaci\u00f3n.<\/p>\n<p><strong>Reparaci\u00f3n completa del cierro:<\/strong> Consiste en una reparaci\u00f3n completa nueva del cierro en mal estado, llevando a cabo al desarme del cierro existente, para as\u00ed proceder a renovar e instalar el cerco nuevo.<\/p>\n<p><!-- \/wp:paragraph -->\n\n<!-- wp:heading --><\/p>\n<h2 class=\"wp-block-heading\"><strong>Medidas disponibles<\/strong><\/h2>\n<table width=\"393\">\n<tbody>\n<tr>\n<td width=\"230\">Productos<\/td>\n<td width=\"150\">Altura de cierro<\/td>\n<td>Comprosici\u00f3n<\/td>\n<\/tr>\n<tr>\n<td>Cercos Standars<\/td>\n<td>1,80 mts<\/td>\n<td>3 placas de 60 cm, postes y barba<\/td>\n<\/tr>\n<tr>\n<td>\u00a0<\/td>\n<td>2,00 mts<\/td>\n<td>4 placas de 50 cm, postes y barba<\/td>\n<\/tr>\n<tr>\n<td>\u00a0<\/td>\n<td>2,50 mts<\/td>\n<td>5 placas de 50 cm, postes y barba<\/td>\n<\/tr>\n<\/tbody>\n<\/table>\n<p>&nbsp;<\/p>\n<table width=\"393\">\n<tbody>\n<tr>\n<td width=\"230\">Productos<\/td>\n<td width=\"150\">Altura del cierro<\/td>\n<td>Composicion<\/td>\n<\/tr>\n<tr>\n<td>Cerco con alambra de puas<\/td>\n<td>2,00 mts<\/td>\n<td>4 placas de 50 cm, postes recto o en 45\u00ba para alambre de puas y barba<\/td>\n<\/tr>\n<tr>\n<td>\u00a0<\/td>\n<td>2,40 mts<\/td>\n<td>4 placas de 60 cm, postes recto o en 45\u00ba para alambre puas y barda<\/td>\n<\/tr>\n<tr>\n<td>\u00a0<\/td>\n<td>2,50 mts<\/td>\n<td>5 placas de 50 cm, postes recto o en 45\u00ba para alambre puas y barba<\/td>\n<\/tr>\n<\/tbody>\n<\/table>\n<p><!-- \/wp:list-item --><\/p>\n<p><!-- \/wp:list --><\/p>\t\t\t\t\t<\/div>\n\t\t\t\t\t\t<\/div>\n\t\t\t\t<\/div>\n\t\t\t\t\t\t<\/div>\n\t\t\t\t\t<\/div>\n\t\t<\/div>\n\t\t\t\t<div class=\"elementor-column elementor-col-50 elementor-top-column elementor-element elementor-element-4b81acf\" data-id=\"4b81acf\" data-element_type=\"column\">\n\t\t\t<div class=\"elementor-column-wrap elementor-element-populated\">\n\t\t\t\t\t\t\t<div class=\"elementor-widget-wrap\">\n\t\t\t\t\t\t<div class=\"elementor-element elementor-element-c207da5 elementor-widget elementor-widget-gallery\" data-id=\"c207da5\" data-element_type=\"widget\" data-settings=\"{&quot;gallery_layout&quot;:&quot;justified&quot;,&quot;ideal_row_height&quot;:{&quot;unit&quot;:&quot;px&quot;,&quot;size&quot;:307,&quot;sizes&quot;:[]},&quot;lazyload&quot;:&quot;yes&quot;,&quot;ideal_row_height_tablet&quot;:{&quot;unit&quot;:&quot;px&quot;,&quot;size&quot;:150,&quot;sizes&quot;:[]},&quot;ideal_row_height_mobile&quot;:{&quot;unit&quot;:&quot;px&quot;,&quot;size&quot;:150,&quot;sizes&quot;:[]},&quot;gap&quot;:{&quot;unit&quot;:&quot;px&quot;,&quot;size&quot;:10,&quot;sizes&quot;:[]},&quot;gap_tablet&quot;:{&quot;unit&quot;:&quot;px&quot;,&quot;size&quot;:10,&quot;sizes&quot;:[]},&quot;gap_mobile&quot;:{&quot;unit&quot;:&quot;px&quot;,&quot;size&quot;:10,&quot;sizes&quot;:[]},&quot;link_to&quot;:&quot;file&quot;,&quot;overlay_background&quot;:&quot;yes&quot;,&quot;content_hover_animation&quot;:&quot;fade-in&quot;}\" data-widget_type=\"gallery.default\">\n\t\t\t\t<div class=\"elementor-widget-container\">\n\t\t\t\t\t<div class=\"elementor-gallery__container\">\n\t\t\t\t\t\t\t<a class=\"e-gallery-item elementor-gallery-item elementor-animated-content\" href=\"https:\/\/cierresvibradosvallejos.cl\/wp-content\/uploads\/2023\/04\/20230121_152134_b-1.jpg\" data-elementor-open-lightbox=\"yes\" data-elementor-lightbox-slideshow=\"all-c207da5\" data-elementor-lightbox-title=\"20230121_152134_b\" data-e-action-hash=\"#elementor-action%3Aaction%3Dlightbox%26settings%3DeyJpZCI6MTQ1NiwidXJsIjoiaHR0cHM6XC9cL2NpZXJyZXN2aWJyYWRvc3ZhbGxlam9zLmNsXC93cC1jb250ZW50XC91cGxvYWRzXC8yMDIzXC8wNFwvMjAyMzAxMjFfMTUyMTM0X2ItMS5qcGciLCJzbGlkZXNob3ciOiJhbGwtYzIwN2RhNSJ9\">\n\t\t\t\t\t<div class=\"e-gallery-image elementor-gallery-item__image\" data-thumbnail=\"https:\/\/cierresvibradosvallejos.cl\/wp-content\/uploads\/2023\/04\/20230121_152134_b-1-768x402.jpg\" data-width=\"768\" data-height=\"402\" aria-label=\"\" role=\"img\" ><\/div>\n\t\t\t\t\t\t\t\t\t\t\t<div class=\"elementor-gallery-item__overlay\"><\/div>\n\t\t\t\t\t\t\t\t\t\t\t\t\t\t<\/a>\n\t\t\t\t\t\t\t<a class=\"e-gallery-item elementor-gallery-item elementor-animated-content\" href=\"https:\/\/cierresvibradosvallejos.cl\/wp-content\/uploads\/2023\/04\/20230121_152122_b-1.jpg\" data-elementor-open-lightbox=\"yes\" data-elementor-lightbox-slideshow=\"all-c207da5\" data-elementor-lightbox-title=\"20230121_152122_b\" data-e-action-hash=\"#elementor-action%3Aaction%3Dlightbox%26settings%3DeyJpZCI6MTQ1NSwidXJsIjoiaHR0cHM6XC9cL2NpZXJyZXN2aWJyYWRvc3ZhbGxlam9zLmNsXC93cC1jb250ZW50XC91cGxvYWRzXC8yMDIzXC8wNFwvMjAyMzAxMjFfMTUyMTIyX2ItMS5qcGciLCJzbGlkZXNob3ciOiJhbGwtYzIwN2RhNSJ9\">\n\t\t\t\t\t<div class=\"e-gallery-image elementor-gallery-item__image\" data-thumbnail=\"https:\/\/cierresvibradosvallejos.cl\/wp-content\/uploads\/2023\/04\/20230121_152122_b-1-768x493.jpg\" data-width=\"768\" data-height=\"493\" aria-label=\"\" role=\"img\" ><\/div>\n\t\t\t\t\t\t\t\t\t\t\t<div class=\"elementor-gallery-item__overlay\"><\/div>\n\t\t\t\t\t\t\t\t\t\t\t\t\t\t<\/a>\n\t\t\t\t\t\t\t<a class=\"e-gallery-item elementor-gallery-item elementor-animated-content\" href=\"https:\/\/cierresvibradosvallejos.cl\/wp-content\/uploads\/2023\/04\/20230121_152149_b-1.jpg\" data-elementor-open-lightbox=\"yes\" data-elementor-lightbox-slideshow=\"all-c207da5\" data-elementor-lightbox-title=\"20230121_152149_b\" data-e-action-hash=\"#elementor-action%3Aaction%3Dlightbox%26settings%3DeyJpZCI6MTQ1MywidXJsIjoiaHR0cHM6XC9cL2NpZXJyZXN2aWJyYWRvc3ZhbGxlam9zLmNsXC93cC1jb250ZW50XC91cGxvYWRzXC8yMDIzXC8wNFwvMjAyMzAxMjFfMTUyMTQ5X2ItMS5qcGciLCJzbGlkZXNob3ciOiJhbGwtYzIwN2RhNSJ9\">\n\t\t\t\t\t<div class=\"e-gallery-image elementor-gallery-item__image\" data-thumbnail=\"https:\/\/cierresvibradosvallejos.cl\/wp-content\/uploads\/2023\/04\/20230121_152149_b-1-768x580.jpg\" data-width=\"768\" data-height=\"580\" aria-label=\"\" role=\"img\" ><\/div>\n\t\t\t\t\t\t\t\t\t\t\t<div class=\"elementor-gallery-item__overlay\"><\/div>\n\t\t\t\t\t\t\t\t\t\t\t\t\t\t<\/a>\n\t\t\t\t\t\t\t<a class=\"e-gallery-item elementor-gallery-item elementor-animated-content\" href=\"https:\/\/cierresvibradosvallejos.cl\/wp-content\/uploads\/2023\/04\/20230121_152127_b-1.jpg\" data-elementor-open-lightbox=\"yes\" data-elementor-lightbox-slideshow=\"all-c207da5\" data-elementor-lightbox-title=\"20230121_152127_b\" data-e-action-hash=\"#elementor-action%3Aaction%3Dlightbox%26settings%3DeyJpZCI6MTQ1OCwidXJsIjoiaHR0cHM6XC9cL2NpZXJyZXN2aWJyYWRvc3ZhbGxlam9zLmNsXC93cC1jb250ZW50XC91cGxvYWRzXC8yMDIzXC8wNFwvMjAyMzAxMjFfMTUyMTI3X2ItMS5qcGciLCJzbGlkZXNob3ciOiJhbGwtYzIwN2RhNSJ9\">\n\t\t\t\t\t<div class=\"e-gallery-image elementor-gallery-item__image\" data-thumbnail=\"https:\/\/cierresvibradosvallejos.cl\/wp-content\/uploads\/2023\/04\/20230121_152127_b-1-768x472.jpg\" data-width=\"768\" data-height=\"472\" aria-label=\"\" role=\"img\" ><\/div>\n\t\t\t\t\t\t\t\t\t\t\t<div class=\"elementor-gallery-item__overlay\"><\/div>\n\t\t\t\t\t\t\t\t\t\t\t\t\t\t<\/a>\n\t\t\t\t\t\t\t<a class=\"e-gallery-item elementor-gallery-item elementor-animated-content\" href=\"https:\/\/cierresvibradosvallejos.cl\/wp-content\/uploads\/2023\/04\/20221220_170108_b.jpg\" data-elementor-open-lightbox=\"yes\" data-elementor-lightbox-slideshow=\"all-c207da5\" data-elementor-lightbox-title=\"20221220_170108_b\" data-e-action-hash=\"#elementor-action%3Aaction%3Dlightbox%26settings%3DeyJpZCI6MTQ1NywidXJsIjoiaHR0cHM6XC9cL2NpZXJyZXN2aWJyYWRvc3ZhbGxlam9zLmNsXC93cC1jb250ZW50XC91cGxvYWRzXC8yMDIzXC8wNFwvMjAyMjEyMjBfMTcwMTA4X2IuanBnIiwic2xpZGVzaG93IjoiYWxsLWMyMDdkYTUifQ%3D%3D\">\n\t\t\t\t\t<div class=\"e-gallery-image elementor-gallery-item__image\" data-thumbnail=\"https:\/\/cierresvibradosvallejos.cl\/wp-content\/uploads\/2023\/04\/20221220_170108_b-768x554.jpg\" data-width=\"768\" data-height=\"554\" aria-label=\"\" role=\"img\" ><\/div>\n\t\t\t\t\t\t\t\t\t\t\t<div class=\"elementor-gallery-item__overlay\"><\/div>\n\t\t\t\t\t\t\t\t\t\t\t\t\t\t<\/a>\n\t\t\t\t\t<\/div>\n\t\t\t<\/div>\n\t\t\t\t<\/div>\n\t\t\t\t\t\t<\/div>\n\t\t\t\t\t<\/div>\n\t\t<\/div>\n\t\t\t\t\t\t\t\t<\/div>\n\t\t\t\t\t<\/div>\n\t\t<\/section>\n\t\t\t\t\t\t\t\t\t<\/div>\n\t\t\t<\/div>\n\t\t\t\t\t<\/div>\n\t\t","protected":false},"excerpt":{"rendered":"<p>Instalaci\u00f3n de Cierros Realizamos instalaci\u00f3n de cierros, ya sea para particulares o constructoras.Entre nuestros servicios de instalaci\u00f3n de cierros, podr\u00e1 encontrar los siguientes tipos: Venta de Cierros Adem\u00e1s de instalar, somos fabricantes. Nuestros productos son fabricados con altos est\u00e1ndares de calidad, de modo que ofrecer seguridad para el cierre de su propiedad. Reparaci\u00f3n Parcial o [&hellip;]<\/p>\n","protected":false},"author":3,"featured_media":0,"parent":0,"menu_order":0,"comment_status":"closed","ping_status":"closed","template":"","meta":[],"_links":{"self":[{"href":"https:\/\/cierresvibradosvallejos.cl\/index.php\/wp-json\/wp\/v2\/pages\/1234"}],"collection":[{"href":"https:\/\/cierresvibradosvallejos.cl\/index.php\/wp-json\/wp\/v2\/pages"}],"about":[{"href":"https:\/\/cierresvibradosvallejos.cl\/index.php\/wp-json\/wp\/v2\/types\/page"}],"author":[{"embeddable":true,"href":"https:\/\/cierresvibradosvallejos.cl\/index.php\/wp-json\/wp\/v2\/users\/3"}],"replies":[{"embeddable":true,"href":"https:\/\/cierresvibradosvallejos.cl\/index.php\/wp-json\/wp\/v2\/comments?post=1234"}],"version-history":[{"count":25,"href":"https:\/\/cierresvibradosvallejos.cl\/index.php\/wp-json\/wp\/v2\/pages\/1234\/revisions"}],"predecessor-version":[{"id":1522,"href":"https:\/\/cierresvibradosvallejos.cl\/index.php\/wp-json\/wp\/v2\/pages\/1234\/revisions\/1522"}],"wp:attachment":[{"href":"https:\/\/cierresvibradosvallejos.cl\/index.php\/wp-json\/wp\/v2\/media?parent=1234"}],"curies":[{"name":"wp","href":"https:\/\/api.w.org\/{rel}","templated":true}]}}