{"id":20,"date":"2020-10-16T19:52:32","date_gmt":"2020-10-16T19:52:32","guid":{"rendered":"https:\/\/cierresvibradosvallejos.cl\/?page_id=20"},"modified":"2023-04-14T19:55:31","modified_gmt":"2023-04-14T19:55:31","slug":"inicio","status":"publish","type":"page","link":"https:\/\/cierresvibradosvallejos.cl\/","title":{"rendered":"Inicio"},"content":{"rendered":"\t\t<div data-elementor-type=\"wp-page\" data-elementor-id=\"20\" class=\"elementor elementor-20\">\n\t\t\t\t\t\t<div class=\"elementor-inner\">\n\t\t\t\t<div class=\"elementor-section-wrap\">\n\t\t\t\t\t\t\t\t\t<section class=\"elementor-section elementor-top-section elementor-element elementor-element-b314e2f elementor-section-stretched elementor-section-height-min-height elementor-section-content-middle elementor-section-boxed elementor-section-height-default elementor-section-items-middle\" data-id=\"b314e2f\" data-element_type=\"section\" data-settings=\"{&quot;stretch_section&quot;:&quot;section-stretched&quot;,&quot;background_background&quot;:&quot;slideshow&quot;,&quot;background_slideshow_gallery&quot;:[{&quot;id&quot;:1413,&quot;url&quot;:&quot;https:\\\/\\\/cierresvibradosvallejos.cl\\\/wp-content\\\/uploads\\\/2023\\\/04\\\/20230121_152122_b.jpg&quot;},{&quot;id&quot;:1414,&quot;url&quot;:&quot;https:\\\/\\\/cierresvibradosvallejos.cl\\\/wp-content\\\/uploads\\\/2023\\\/04\\\/20230121_152127_b.jpg&quot;},{&quot;id&quot;:1415,&quot;url&quot;:&quot;https:\\\/\\\/cierresvibradosvallejos.cl\\\/wp-content\\\/uploads\\\/2023\\\/04\\\/20230121_152134_b.jpg&quot;},{&quot;id&quot;:1416,&quot;url&quot;:&quot;https:\\\/\\\/cierresvibradosvallejos.cl\\\/wp-content\\\/uploads\\\/2023\\\/04\\\/20230121_152149_b.jpg&quot;}],&quot;background_slideshow_transition_duration&quot;:1000,&quot;background_slideshow_ken_burns&quot;:&quot;yes&quot;,&quot;background_slideshow_loop&quot;:&quot;yes&quot;,&quot;background_slideshow_slide_duration&quot;:5000,&quot;background_slideshow_slide_transition&quot;:&quot;fade&quot;,&quot;background_slideshow_ken_burns_zoom_direction&quot;:&quot;in&quot;}\">\n\t\t\t\t\t\t\t<div class=\"elementor-background-overlay\"><\/div>\n\t\t\t\t\t\t\t<div class=\"elementor-container elementor-column-gap-default\">\n\t\t\t\t\t\t\t<div class=\"elementor-row\">\n\t\t\t\t\t<div class=\"elementor-column elementor-col-50 elementor-top-column elementor-element elementor-element-bcabd9e\" data-id=\"bcabd9e\" data-element_type=\"column\">\n\t\t\t<div class=\"elementor-column-wrap\">\n\t\t\t\t\t\t\t<div class=\"elementor-widget-wrap\">\n\t\t\t\t\t\t\t\t<\/div>\n\t\t\t\t\t<\/div>\n\t\t<\/div>\n\t\t\t\t<div class=\"elementor-column elementor-col-50 elementor-top-column elementor-element elementor-element-23542b9\" data-id=\"23542b9\" data-element_type=\"column\" data-settings=\"{&quot;background_background&quot;:&quot;classic&quot;}\">\n\t\t\t<div class=\"elementor-column-wrap elementor-element-populated\">\n\t\t\t\t\t\t\t<div class=\"elementor-widget-wrap\">\n\t\t\t\t\t\t<div class=\"elementor-element elementor-element-1e77d60 elementor-headline--style-rotate elementor-widget__width-initial elementor-widget elementor-widget-animated-headline\" data-id=\"1e77d60\" data-element_type=\"widget\" data-settings=\"{&quot;headline_style&quot;:&quot;rotate&quot;,&quot;animation_type&quot;:&quot;swirl&quot;,&quot;rotating_text&quot;:&quot;Realizamos la fabricaci\\u00f3n, instalaci\\u00f3n y reparaci\\u00f3n \\nde cierres tipo bulldog y pandereta, \\nadem\\u00e1s de vender materiales relacionados.&quot;,&quot;rotate_iteration_delay&quot;:2000,&quot;loop&quot;:&quot;yes&quot;}\" data-widget_type=\"animated-headline.default\">\n\t\t\t\t<div class=\"elementor-widget-container\">\n\t\t\t\t\t<h3 class=\"elementor-headline elementor-headline-animation-type-swirl elementor-headline-letters\">\n\t\t\t\t<span class=\"elementor-headline-dynamic-wrapper elementor-headline-text-wrapper\">\n\t\t\t\t\t<span class=\"elementor-headline-dynamic-text elementor-headline-text-active\">\n\t\t\t\tRealizamos&nbsp;la&nbsp;fabricaci\u00f3n,&nbsp;instalaci\u00f3n&nbsp;y&nbsp;reparaci\u00f3n&nbsp;\t\t\t<\/span>\n\t\t\t\t\t<span class=\"elementor-headline-dynamic-text\">\n\t\t\t\tde&nbsp;cierres&nbsp;tipo&nbsp;bulldog&nbsp;y&nbsp;pandereta,&nbsp;\t\t\t<\/span>\n\t\t\t\t\t<span class=\"elementor-headline-dynamic-text\">\n\t\t\t\tadem\u00e1s&nbsp;de&nbsp;vender&nbsp;materiales&nbsp;relacionados.\t\t\t<\/span>\n\t\t\t\t\t\t<\/span>\n\t\t\t\t<\/h3>\n\t\t\t\t<\/div>\n\t\t\t\t<\/div>\n\t\t\t\t\t\t<\/div>\n\t\t\t\t\t<\/div>\n\t\t<\/div>\n\t\t\t\t\t\t\t\t<\/div>\n\t\t\t\t\t<\/div>\n\t\t<\/section>\n\t\t\t\t<section class=\"elementor-section elementor-top-section elementor-element elementor-element-be76929 elementor-section-height-min-height elementor-section-boxed elementor-section-height-default elementor-section-items-middle\" data-id=\"be76929\" data-element_type=\"section\">\n\t\t\t\t\t\t<div class=\"elementor-container elementor-column-gap-wider\">\n\t\t\t\t\t\t\t<div class=\"elementor-row\">\n\t\t\t\t\t<div class=\"elementor-column elementor-col-50 elementor-top-column elementor-element elementor-element-f37589b\" data-id=\"f37589b\" data-element_type=\"column\">\n\t\t\t<div class=\"elementor-column-wrap elementor-element-populated\">\n\t\t\t\t\t\t\t<div class=\"elementor-widget-wrap\">\n\t\t\t\t\t\t<div class=\"elementor-element elementor-element-a1ed290 elementor-widget elementor-widget-heading\" data-id=\"a1ed290\" data-element_type=\"widget\" data-widget_type=\"heading.default\">\n\t\t\t\t<div class=\"elementor-widget-container\">\n\t\t\t<h4 class=\"elementor-heading-title elementor-size-xxl\">Trabajo de primer nivel<\/h4>\t\t<\/div>\n\t\t\t\t<\/div>\n\t\t\t\t<div class=\"elementor-element elementor-element-61e34e5 elementor-widget elementor-widget-text-editor\" data-id=\"61e34e5\" data-element_type=\"widget\" data-widget_type=\"text-editor.default\">\n\t\t\t\t<div class=\"elementor-widget-container\">\n\t\t\t\t\t\t\t\t<div class=\"elementor-text-editor elementor-clearfix\">\n\t\t\t\t<p>Procesos de fabricaci\u00f3n realizados por especialistas en hormigon y materia prima de calidad certificada nos permite entregar un servicio con la calidad que usted necesita.<\/p>\t\t\t\t\t<\/div>\n\t\t\t\t\t\t<\/div>\n\t\t\t\t<\/div>\n\t\t\t\t<div class=\"elementor-element elementor-element-e5035ad elementor-widget elementor-widget-heading\" data-id=\"e5035ad\" data-element_type=\"widget\" data-widget_type=\"heading.default\">\n\t\t\t\t<div class=\"elementor-widget-container\">\n\t\t\t<h4 class=\"elementor-heading-title elementor-size-large\">15 a\u00f1os de experiencia en el mercado avalan nuestra calidad y profesionalismo de nuestro trabajo.<\/h4>\t\t<\/div>\n\t\t\t\t<\/div>\n\t\t\t\t\t\t<\/div>\n\t\t\t\t\t<\/div>\n\t\t<\/div>\n\t\t\t\t<div class=\"elementor-column elementor-col-50 elementor-top-column elementor-element elementor-element-cd00120\" data-id=\"cd00120\" data-element_type=\"column\">\n\t\t\t<div class=\"elementor-column-wrap elementor-element-populated\">\n\t\t\t\t\t\t\t<div class=\"elementor-widget-wrap\">\n\t\t\t\t\t\t<div class=\"elementor-element elementor-element-595e775 elementor-widget elementor-widget-image\" data-id=\"595e775\" data-element_type=\"widget\" data-widget_type=\"image.default\">\n\t\t\t\t<div class=\"elementor-widget-container\">\n\t\t\t\t\t\t\t\t<div class=\"elementor-image\">\n\t\t\t\t\t\t\t\t\t\t\t\t<img decoding=\"async\" width=\"800\" height=\"600\" src=\"https:\/\/cierresvibradosvallejos.cl\/wp-content\/uploads\/2023\/04\/IMG-20230323-WA0043-1024x768.jpg\" class=\"attachment-large size-large wp-image-1431\" alt=\"\" loading=\"lazy\" srcset=\"https:\/\/cierresvibradosvallejos.cl\/wp-content\/uploads\/2023\/04\/IMG-20230323-WA0043-1024x768.jpg 1024w, https:\/\/cierresvibradosvallejos.cl\/wp-content\/uploads\/2023\/04\/IMG-20230323-WA0043-300x225.jpg 300w, https:\/\/cierresvibradosvallejos.cl\/wp-content\/uploads\/2023\/04\/IMG-20230323-WA0043-768x576.jpg 768w, https:\/\/cierresvibradosvallejos.cl\/wp-content\/uploads\/2023\/04\/IMG-20230323-WA0043-1536x1152.jpg 1536w, https:\/\/cierresvibradosvallejos.cl\/wp-content\/uploads\/2023\/04\/IMG-20230323-WA0043-600x450.jpg 600w, https:\/\/cierresvibradosvallejos.cl\/wp-content\/uploads\/2023\/04\/IMG-20230323-WA0043.jpg 1600w\" sizes=\"(max-width: 800px) 100vw, 800px\" \/>\t\t\t\t\t\t\t\t\t\t\t\t\t\t<\/div>\n\t\t\t\t\t\t<\/div>\n\t\t\t\t<\/div>\n\t\t\t\t\t\t<\/div>\n\t\t\t\t\t<\/div>\n\t\t<\/div>\n\t\t\t\t\t\t\t\t<\/div>\n\t\t\t\t\t<\/div>\n\t\t<\/section>\n\t\t\t\t<section class=\"elementor-section elementor-top-section elementor-element elementor-element-980117a elementor-section-height-min-height elementor-section-boxed elementor-section-height-default elementor-section-items-middle\" data-id=\"980117a\" data-element_type=\"section\">\n\t\t\t\t\t\t<div class=\"elementor-container elementor-column-gap-wider\">\n\t\t\t\t\t\t\t<div class=\"elementor-row\">\n\t\t\t\t\t<div class=\"elementor-column elementor-col-50 elementor-top-column elementor-element elementor-element-0d0d20b\" data-id=\"0d0d20b\" data-element_type=\"column\">\n\t\t\t<div class=\"elementor-column-wrap elementor-element-populated\">\n\t\t\t\t\t\t\t<div class=\"elementor-widget-wrap\">\n\t\t\t\t\t\t<div class=\"elementor-element elementor-element-d6502c3 elementor-widget elementor-widget-image\" data-id=\"d6502c3\" data-element_type=\"widget\" data-widget_type=\"image.default\">\n\t\t\t\t<div class=\"elementor-widget-container\">\n\t\t\t\t\t\t\t\t<div class=\"elementor-image\">\n\t\t\t\t\t\t\t\t\t\t\t\t<img decoding=\"async\" width=\"800\" height=\"600\" src=\"https:\/\/cierresvibradosvallejos.cl\/wp-content\/uploads\/2023\/04\/IMG-20230323-WA0055-1024x768.jpg\" class=\"attachment-large size-large wp-image-1430\" alt=\"\" loading=\"lazy\" srcset=\"https:\/\/cierresvibradosvallejos.cl\/wp-content\/uploads\/2023\/04\/IMG-20230323-WA0055-1024x768.jpg 1024w, https:\/\/cierresvibradosvallejos.cl\/wp-content\/uploads\/2023\/04\/IMG-20230323-WA0055-300x225.jpg 300w, https:\/\/cierresvibradosvallejos.cl\/wp-content\/uploads\/2023\/04\/IMG-20230323-WA0055-768x576.jpg 768w, https:\/\/cierresvibradosvallejos.cl\/wp-content\/uploads\/2023\/04\/IMG-20230323-WA0055-1536x1152.jpg 1536w, https:\/\/cierresvibradosvallejos.cl\/wp-content\/uploads\/2023\/04\/IMG-20230323-WA0055-600x450.jpg 600w, https:\/\/cierresvibradosvallejos.cl\/wp-content\/uploads\/2023\/04\/IMG-20230323-WA0055.jpg 1600w\" sizes=\"(max-width: 800px) 100vw, 800px\" \/>\t\t\t\t\t\t\t\t\t\t\t\t\t\t<\/div>\n\t\t\t\t\t\t<\/div>\n\t\t\t\t<\/div>\n\t\t\t\t\t\t<\/div>\n\t\t\t\t\t<\/div>\n\t\t<\/div>\n\t\t\t\t<div class=\"elementor-column elementor-col-50 elementor-top-column elementor-element elementor-element-ecfbe8a\" data-id=\"ecfbe8a\" data-element_type=\"column\">\n\t\t\t<div class=\"elementor-column-wrap elementor-element-populated\">\n\t\t\t\t\t\t\t<div class=\"elementor-widget-wrap\">\n\t\t\t\t\t\t<div class=\"elementor-element elementor-element-b288ad8 elementor-widget elementor-widget-heading\" data-id=\"b288ad8\" data-element_type=\"widget\" data-widget_type=\"heading.default\">\n\t\t\t\t<div class=\"elementor-widget-container\">\n\t\t\t<h4 class=\"elementor-heading-title elementor-size-large\">Razones para elegirnos <\/h4>\t\t<\/div>\n\t\t\t\t<\/div>\n\t\t\t\t<div class=\"elementor-element elementor-element-be3c9dc elementor-widget elementor-widget-text-editor\" data-id=\"be3c9dc\" data-element_type=\"widget\" data-widget_type=\"text-editor.default\">\n\t\t\t\t<div class=\"elementor-widget-container\">\n\t\t\t\t\t\t\t\t<div class=\"elementor-text-editor elementor-clearfix\">\n\t\t\t\t<p>Conocemos y escuchamos activamente a nuestros clientes, manejamos excelentes tarifas, mejoramos continuamente los servicios prestados, respeto con el medio ambiente, personal con excelente atenci\u00f3n al cliente, capacitados para trabajar bajo presi\u00f3n y en constante mejoramiento seg\u00fan las necesidades de nuestros clientes.<\/p>\t\t\t\t\t<\/div>\n\t\t\t\t\t\t<\/div>\n\t\t\t\t<\/div>\n\t\t\t\t\t\t<\/div>\n\t\t\t\t\t<\/div>\n\t\t<\/div>\n\t\t\t\t\t\t\t\t<\/div>\n\t\t\t\t\t<\/div>\n\t\t<\/section>\n\t\t\t\t\t\t\t\t\t<\/div>\n\t\t\t<\/div>\n\t\t\t\t\t<\/div>\n\t\t","protected":false},"excerpt":{"rendered":"<p>Realizamos&nbsp;la&nbsp;fabricaci\u00f3n,&nbsp;instalaci\u00f3n&nbsp;y&nbsp;reparaci\u00f3n&nbsp; de&nbsp;cierres&nbsp;tipo&nbsp;bulldog&nbsp;y&nbsp;pandereta,&nbsp; adem\u00e1s&nbsp;de&nbsp;vender&nbsp;materiales&nbsp;relacionados. Trabajo de primer nivel Procesos de fabricaci\u00f3n realizados por especialistas en hormigon y materia prima de calidad certificada nos permite entregar un servicio con la calidad que usted necesita. 15 a\u00f1os de experiencia en el mercado avalan nuestra calidad y profesionalismo de nuestro trabajo. Razones para elegirnos Conocemos y escuchamos activamente a [&hellip;]<\/p>\n","protected":false},"author":1,"featured_media":0,"parent":0,"menu_order":0,"comment_status":"closed","ping_status":"closed","template":"","meta":[],"_links":{"self":[{"href":"https:\/\/cierresvibradosvallejos.cl\/index.php\/wp-json\/wp\/v2\/pages\/20"}],"collection":[{"href":"https:\/\/cierresvibradosvallejos.cl\/index.php\/wp-json\/wp\/v2\/pages"}],"about":[{"href":"https:\/\/cierresvibradosvallejos.cl\/index.php\/wp-json\/wp\/v2\/types\/page"}],"author":[{"embeddable":true,"href":"https:\/\/cierresvibradosvallejos.cl\/index.php\/wp-json\/wp\/v2\/users\/1"}],"replies":[{"embeddable":true,"href":"https:\/\/cierresvibradosvallejos.cl\/index.php\/wp-json\/wp\/v2\/comments?post=20"}],"version-history":[{"count":253,"href":"https:\/\/cierresvibradosvallejos.cl\/index.php\/wp-json\/wp\/v2\/pages\/20\/revisions"}],"predecessor-version":[{"id":1570,"href":"https:\/\/cierresvibradosvallejos.cl\/index.php\/wp-json\/wp\/v2\/pages\/20\/revisions\/1570"}],"wp:attachment":[{"href":"https:\/\/cierresvibradosvallejos.cl\/index.php\/wp-json\/wp\/v2\/media?parent=20"}],"curies":[{"name":"wp","href":"https:\/\/api.w.org\/{rel}","templated":true}]}}